{"id":5847,"date":"2022-09-20T20:05:58","date_gmt":"2022-09-20T18:05:58","guid":{"rendered":"https:\/\/aloha-senses.com\/shop\/eau-de-parfum-no-5-noe-noe-grounded-serenity\/"},"modified":"2025-10-03T09:50:12","modified_gmt":"2025-10-03T07:50:12","slug":"noe-noe-15-ml-natural-perfume","status":"publish","type":"product","link":"https:\/\/aloha-senses.com\/en\/shop\/noe-noe-15-ml-natural-perfume\/","title":{"rendered":"Eau de Parfum No. 5 | NO\u0112 NO\u0112 \u2013 Grounded Serenity"},"content":{"rendered":"<h3>[ NO\u0112 NO\u0112 ] in Hawai&#8217;ian means &#8220;<em>Mist in the Rainforest<\/em>&#8220;<\/h3>\n<p>Hawai&#8217;i&#8217;s rainforest is often high in elevation and pleasantly cool.<\/p>\n<h3>FRESH EARTHY GREEN PERFUME<\/h3>\n<p>The scent of green Mint and fresh Bergamot transitions into a soft heart note of creamy floral Ylang-Ylang interplaying with Clary Sage, carried by a warm base of exotic and elegant Vetiver grasses from Haiti and gentle, grounding Patchouli.<\/p>\n<h4>Like a day in the Hawai&#8217;ian rainforest<\/h4>\n<p>high up on the slopes of the extinct volcanoes, pleasantly cool and refreshing, surrounded by light mist containing a fresh scent of green plants and tropical grasses. Both feet firmly on the damp earth!<\/p>\n<h3>FULL SIZE &amp; NOMAD SIZE<\/h3>\n<p><a href=\"\/en\/shop\/noe-noe-50-ml-natural-perfume\/\">also available in 50 ml<\/a><\/p>\n<h3>WELL-BEING PERFUME<\/h3>\n<p>Our perfumes are designed to make you smell amazing, help you avoid toxins and contribute to your sense of well-being by lifting your mood. The olfactory system is one of the fastest ways to impact your cognitive and emotional state and calm your limbic system.<\/p>\n<h3>NON-TOXIC | <em>with<\/em> LOVE &amp; RESPECT!<\/h3>\n<p>We produce sustainably with love and respect. 100% plant-based ingredients, certified organic and\/or natural and\/or wild-harvested. Free from synthetic substances, phthalates, parabens and dyes. Vegan. We use only certified organic, 100% botanical and undenatured alcohol (no synthetic substances added to make the alcohol unpalatable).<\/p>\n<h3>100% BOTANICAL<\/h3>\n<p>The plant extracts in our natural perfumes support you in creating a real connection to the original flowers and plants. This way you can also connect with yourself through the scent. Due to the high percentage of raw, natural extracts, some cloudiness or sedimentation may occur.<\/p>\n<h3>HANDMADE LUXURY<\/h3>\n<p>All natural, elegant and complex Eau de Parfums with the world&#8217;s finest pure essential oils and rare flower absolutes, resins, precious woods, fixative roots, genuine CO2 extracts and handmade tinctures. Unisex. We select only the very best raw materials from ethical sources worldwide and ensure transparent supply chains.<\/p>\n<h3>ECO-LUXURY PACKAGING<\/h3>\n<p>Sustainable packaging made from handmade Japanese bamboo fiber paper \u2013 keep the Box! High-quality French recyclable glass flacons. Customized gold-silver zamac perfume caps &#8211; made from minerals like zinc and magnesium.<\/p>\n<h3>ARTISAN PERFUMERY &amp; ALCHEMY<\/h3>\n<p>We created all Aloha Senses natural perfume formulas ourselves in our Olfactory Lab in Germany. Our work is based on deep knowledge and our artistic approach &#8211; rooted in ancient perfume making techniques, combined with real passion and a pinch of magic!<\/p>\n<p>Every perfume that you will be holding in your hands has been tested, blended, smelled, refined and perfected, filtered, bottled and packaged by ourselves. We carefully produce our fragrances in small batches. This means that we are working in the rare niche area of <em>Artisan Perfumery<\/em>.<\/p>\n<h3>FAQs | <em>natural<\/em> PERFUME<\/h3>\n<p>In our <a href=\"\/faq-naturparfum\/\">FAQs<\/a> you will find a lot of info about natural perfumes, backgrounds &amp; information.<\/p>\n","protected":false},"excerpt":{"rendered":"<h2><strong>FRESH EARTHY GREEN<\/strong><\/h2>\n<p>Nomad Size | 15 ml<br \/>\nAll Natural &amp; Handmade<\/p>\n<h3><b>KEY NOTES<\/b><\/h3>\n<p>refreshing Mint, uplifting Bergamot, stress-releasing Clary Sage, grounding Haiti Vetiver, balancing Patchouli<\/p>\n<h3><strong>EMOTION<\/strong><\/h3>\n<p>Uplifting  Grounding<\/p>\n<h3><strong>CHARACTERISTIC<\/strong><\/h3>\n<p>Minty, green, clean, refreshing, uplifting  grounding, invigorating the body  soothing the head.<\/p>\n","protected":false},"featured_media":5536,"comment_status":"open","ping_status":"closed","template":"","meta":{"inline_featured_image":false},"product_brand":[],"product_cat":[134,223],"product_tag":[],"class_list":{"0":"post-5847","1":"product","2":"type-product","3":"status-publish","4":"has-post-thumbnail","6":"product_cat-natural-perfume-15-ml","7":"product_cat-noe-noe-en","8":"pif-has-gallery","10":"first","11":"instock","12":"featured","13":"taxable","14":"shipping-taxable","15":"purchasable","16":"product-type-simple"},"yoast_head":"<!-- This site is optimized with the Yoast SEO Premium plugin v27.4 (Yoast SEO v27.4) - https:\/\/yoast.com\/product\/yoast-seo-premium-wordpress\/ -->\n<title>NO\u0112 NO\u0112 - Grounded Serenity | Perfume No. 5 | Nomad Size<\/title>\n<meta name=\"description\" content=\"NO\u0112 NO\u0112 | Fresh Earthy Green | Natural Perfume | 15 ml | Key Notes: Mint, Bergamot, Clary Sage, Haiti Vetiver, Patchouli | Handmade\" \/>\n<meta name=\"robots\" content=\"index, follow, max-snippet:-1, max-image-preview:large, max-video-preview:-1\" \/>\n<link rel=\"canonical\" href=\"https:\/\/aloha-senses.com\/en\/shop\/noe-noe-15-ml-natural-perfume\/\" \/>\n<meta property=\"og:locale\" content=\"en_US\" \/>\n<meta property=\"og:type\" content=\"article\" \/>\n<meta property=\"og:title\" content=\"Eau de Parfum No. 5 | NO\u0112 NO\u0112 \u2013 Grounded Serenity\" \/>\n<meta property=\"og:description\" content=\"FRESH EARTHY GREEN Nomad Size | 15 ml All Natural &amp; Handmade KEY NOTES refreshing Mint, uplifting Bergamot, stress-releasing Clary Sage, grounding Haiti Vetiver, balancing Patchouli EMOTION Uplifting Grounding CHARACTERISTIC Minty, green, clean, refreshing, uplifting grounding, invigorating the body soothing the head.\" \/>\n<meta property=\"og:url\" content=\"https:\/\/aloha-senses.com\/en\/shop\/noe-noe-15-ml-natural-perfume\/\" \/>\n<meta property=\"og:site_name\" content=\"Aloha Senses Perfumes\" \/>\n<meta property=\"article:publisher\" content=\"https:\/\/www.facebook.com\/alohasenses\/\" \/>\n<meta property=\"article:modified_time\" content=\"2025-10-03T07:50:12+00:00\" \/>\n<meta property=\"og:image\" content=\"https:\/\/aloha-senses.com\/wp-content\/uploads\/2022\/09\/NoeNoe-Natural-Perfume-15ml-01.jpg\" \/>\n\t<meta property=\"og:image:width\" content=\"900\" \/>\n\t<meta property=\"og:image:height\" content=\"900\" \/>\n\t<meta property=\"og:image:type\" content=\"image\/jpeg\" \/>\n<meta name=\"twitter:card\" content=\"summary_large_image\" \/>\n<meta name=\"twitter:label1\" content=\"Est. reading time\" \/>\n\t<meta name=\"twitter:data1\" content=\"3 minutes\" \/>\n<script type=\"application\/ld+json\" class=\"yoast-schema-graph\">{\"@context\":\"https:\\\/\\\/schema.org\",\"@graph\":[{\"@type\":\"WebPage\",\"@id\":\"https:\\\/\\\/aloha-senses.com\\\/en\\\/shop\\\/noe-noe-15-ml-natural-perfume\\\/\",\"url\":\"https:\\\/\\\/aloha-senses.com\\\/en\\\/shop\\\/noe-noe-15-ml-natural-perfume\\\/\",\"name\":\"NO\u0112 NO\u0112 - Grounded Serenity | Perfume No. 5 | Nomad Size\",\"isPartOf\":{\"@id\":\"https:\\\/\\\/aloha-senses.com\\\/en\\\/#website\"},\"primaryImageOfPage\":{\"@id\":\"https:\\\/\\\/aloha-senses.com\\\/en\\\/shop\\\/noe-noe-15-ml-natural-perfume\\\/#primaryimage\"},\"image\":{\"@id\":\"https:\\\/\\\/aloha-senses.com\\\/en\\\/shop\\\/noe-noe-15-ml-natural-perfume\\\/#primaryimage\"},\"thumbnailUrl\":\"https:\\\/\\\/aloha-senses.com\\\/wp-content\\\/uploads\\\/2022\\\/09\\\/NoeNoe-Natural-Perfume-15ml-01.jpg\",\"datePublished\":\"2022-09-20T18:05:58+00:00\",\"dateModified\":\"2025-10-03T07:50:12+00:00\",\"description\":\"NO\u0112 NO\u0112 | Fresh Earthy Green | Natural Perfume | 15 ml | Key Notes: Mint, Bergamot, Clary Sage, Haiti Vetiver, Patchouli | Handmade\",\"breadcrumb\":{\"@id\":\"https:\\\/\\\/aloha-senses.com\\\/en\\\/shop\\\/noe-noe-15-ml-natural-perfume\\\/#breadcrumb\"},\"inLanguage\":\"en-US\",\"potentialAction\":[{\"@type\":\"ReadAction\",\"target\":[\"https:\\\/\\\/aloha-senses.com\\\/en\\\/shop\\\/noe-noe-15-ml-natural-perfume\\\/\"]}]},{\"@type\":\"ImageObject\",\"inLanguage\":\"en-US\",\"@id\":\"https:\\\/\\\/aloha-senses.com\\\/en\\\/shop\\\/noe-noe-15-ml-natural-perfume\\\/#primaryimage\",\"url\":\"https:\\\/\\\/aloha-senses.com\\\/wp-content\\\/uploads\\\/2022\\\/09\\\/NoeNoe-Natural-Perfume-15ml-01.jpg\",\"contentUrl\":\"https:\\\/\\\/aloha-senses.com\\\/wp-content\\\/uploads\\\/2022\\\/09\\\/NoeNoe-Natural-Perfume-15ml-01.jpg\",\"width\":900,\"height\":900,\"caption\":\"NoeNoe Natural Perfume 15 ml Glass flacon\"},{\"@type\":\"BreadcrumbList\",\"@id\":\"https:\\\/\\\/aloha-senses.com\\\/en\\\/shop\\\/noe-noe-15-ml-natural-perfume\\\/#breadcrumb\",\"itemListElement\":[{\"@type\":\"ListItem\",\"position\":1,\"name\":\"Homepage\",\"item\":\"https:\\\/\\\/aloha-senses.com\\\/en\\\/\"},{\"@type\":\"ListItem\",\"position\":2,\"name\":\"SHOP\",\"item\":\"https:\\\/\\\/aloha-senses.com\\\/shop\\\/\"},{\"@type\":\"ListItem\",\"position\":3,\"name\":\"Eau de Parfum No. 5 | NO\u0112 NO\u0112 \u2013 Grounded Serenity\"}]},{\"@type\":\"WebSite\",\"@id\":\"https:\\\/\\\/aloha-senses.com\\\/en\\\/#website\",\"url\":\"https:\\\/\\\/aloha-senses.com\\\/en\\\/\",\"name\":\"Aloha Senses Perfumes\",\"description\":\"all natural | handmade\",\"publisher\":{\"@id\":\"https:\\\/\\\/aloha-senses.com\\\/en\\\/#organization\"},\"potentialAction\":[{\"@type\":\"SearchAction\",\"target\":{\"@type\":\"EntryPoint\",\"urlTemplate\":\"https:\\\/\\\/aloha-senses.com\\\/en\\\/?s={search_term_string}\"},\"query-input\":{\"@type\":\"PropertyValueSpecification\",\"valueRequired\":true,\"valueName\":\"search_term_string\"}}],\"inLanguage\":\"en-US\"},{\"@type\":\"Organization\",\"@id\":\"https:\\\/\\\/aloha-senses.com\\\/en\\\/#organization\",\"name\":\"Aloha Senses Perfumes\",\"url\":\"https:\\\/\\\/aloha-senses.com\\\/en\\\/\",\"logo\":{\"@type\":\"ImageObject\",\"inLanguage\":\"en-US\",\"@id\":\"https:\\\/\\\/aloha-senses.com\\\/en\\\/#\\\/schema\\\/logo\\\/image\\\/\",\"url\":\"https:\\\/\\\/aloha-senses.com\\\/wp-content\\\/uploads\\\/2022\\\/09\\\/Aloha-Senses-Natural-Perfume.jpg\",\"contentUrl\":\"https:\\\/\\\/aloha-senses.com\\\/wp-content\\\/uploads\\\/2022\\\/09\\\/Aloha-Senses-Natural-Perfume.jpg\",\"width\":1440,\"height\":960,\"caption\":\"Aloha Senses Perfumes\"},\"image\":{\"@id\":\"https:\\\/\\\/aloha-senses.com\\\/en\\\/#\\\/schema\\\/logo\\\/image\\\/\"},\"sameAs\":[\"https:\\\/\\\/www.facebook.com\\\/alohasenses\\\/\",\"https:\\\/\\\/www.instagram.com\\\/alohasenses\\\/\"]}]}<\/script>\n<!-- \/ Yoast SEO Premium plugin. -->","yoast_head_json":{"title":"NO\u0112 NO\u0112 - Grounded Serenity | Perfume No. 5 | Nomad Size","description":"NO\u0112 NO\u0112 | Fresh Earthy Green | Natural Perfume | 15 ml | Key Notes: Mint, Bergamot, Clary Sage, Haiti Vetiver, Patchouli | Handmade","robots":{"index":"index","follow":"follow","max-snippet":"max-snippet:-1","max-image-preview":"max-image-preview:large","max-video-preview":"max-video-preview:-1"},"canonical":"https:\/\/aloha-senses.com\/en\/shop\/noe-noe-15-ml-natural-perfume\/","og_locale":"en_US","og_type":"article","og_title":"Eau de Parfum No. 5 | NO\u0112 NO\u0112 \u2013 Grounded Serenity","og_description":"FRESH EARTHY GREEN Nomad Size | 15 ml All Natural &amp; Handmade KEY NOTES refreshing Mint, uplifting Bergamot, stress-releasing Clary Sage, grounding Haiti Vetiver, balancing Patchouli EMOTION Uplifting Grounding CHARACTERISTIC Minty, green, clean, refreshing, uplifting grounding, invigorating the body soothing the head.","og_url":"https:\/\/aloha-senses.com\/en\/shop\/noe-noe-15-ml-natural-perfume\/","og_site_name":"Aloha Senses Perfumes","article_publisher":"https:\/\/www.facebook.com\/alohasenses\/","article_modified_time":"2025-10-03T07:50:12+00:00","og_image":[{"width":900,"height":900,"url":"https:\/\/aloha-senses.com\/wp-content\/uploads\/2022\/09\/NoeNoe-Natural-Perfume-15ml-01.jpg","type":"image\/jpeg"}],"twitter_card":"summary_large_image","twitter_misc":{"Est. reading time":"3 minutes"},"schema":{"@context":"https:\/\/schema.org","@graph":[{"@type":"WebPage","@id":"https:\/\/aloha-senses.com\/en\/shop\/noe-noe-15-ml-natural-perfume\/","url":"https:\/\/aloha-senses.com\/en\/shop\/noe-noe-15-ml-natural-perfume\/","name":"NO\u0112 NO\u0112 - Grounded Serenity | Perfume No. 5 | Nomad Size","isPartOf":{"@id":"https:\/\/aloha-senses.com\/en\/#website"},"primaryImageOfPage":{"@id":"https:\/\/aloha-senses.com\/en\/shop\/noe-noe-15-ml-natural-perfume\/#primaryimage"},"image":{"@id":"https:\/\/aloha-senses.com\/en\/shop\/noe-noe-15-ml-natural-perfume\/#primaryimage"},"thumbnailUrl":"https:\/\/aloha-senses.com\/wp-content\/uploads\/2022\/09\/NoeNoe-Natural-Perfume-15ml-01.jpg","datePublished":"2022-09-20T18:05:58+00:00","dateModified":"2025-10-03T07:50:12+00:00","description":"NO\u0112 NO\u0112 | Fresh Earthy Green | Natural Perfume | 15 ml | Key Notes: Mint, Bergamot, Clary Sage, Haiti Vetiver, Patchouli | Handmade","breadcrumb":{"@id":"https:\/\/aloha-senses.com\/en\/shop\/noe-noe-15-ml-natural-perfume\/#breadcrumb"},"inLanguage":"en-US","potentialAction":[{"@type":"ReadAction","target":["https:\/\/aloha-senses.com\/en\/shop\/noe-noe-15-ml-natural-perfume\/"]}]},{"@type":"ImageObject","inLanguage":"en-US","@id":"https:\/\/aloha-senses.com\/en\/shop\/noe-noe-15-ml-natural-perfume\/#primaryimage","url":"https:\/\/aloha-senses.com\/wp-content\/uploads\/2022\/09\/NoeNoe-Natural-Perfume-15ml-01.jpg","contentUrl":"https:\/\/aloha-senses.com\/wp-content\/uploads\/2022\/09\/NoeNoe-Natural-Perfume-15ml-01.jpg","width":900,"height":900,"caption":"NoeNoe Natural Perfume 15 ml Glass flacon"},{"@type":"BreadcrumbList","@id":"https:\/\/aloha-senses.com\/en\/shop\/noe-noe-15-ml-natural-perfume\/#breadcrumb","itemListElement":[{"@type":"ListItem","position":1,"name":"Homepage","item":"https:\/\/aloha-senses.com\/en\/"},{"@type":"ListItem","position":2,"name":"SHOP","item":"https:\/\/aloha-senses.com\/shop\/"},{"@type":"ListItem","position":3,"name":"Eau de Parfum No. 5 | NO\u0112 NO\u0112 \u2013 Grounded Serenity"}]},{"@type":"WebSite","@id":"https:\/\/aloha-senses.com\/en\/#website","url":"https:\/\/aloha-senses.com\/en\/","name":"Aloha Senses Perfumes","description":"all natural | handmade","publisher":{"@id":"https:\/\/aloha-senses.com\/en\/#organization"},"potentialAction":[{"@type":"SearchAction","target":{"@type":"EntryPoint","urlTemplate":"https:\/\/aloha-senses.com\/en\/?s={search_term_string}"},"query-input":{"@type":"PropertyValueSpecification","valueRequired":true,"valueName":"search_term_string"}}],"inLanguage":"en-US"},{"@type":"Organization","@id":"https:\/\/aloha-senses.com\/en\/#organization","name":"Aloha Senses Perfumes","url":"https:\/\/aloha-senses.com\/en\/","logo":{"@type":"ImageObject","inLanguage":"en-US","@id":"https:\/\/aloha-senses.com\/en\/#\/schema\/logo\/image\/","url":"https:\/\/aloha-senses.com\/wp-content\/uploads\/2022\/09\/Aloha-Senses-Natural-Perfume.jpg","contentUrl":"https:\/\/aloha-senses.com\/wp-content\/uploads\/2022\/09\/Aloha-Senses-Natural-Perfume.jpg","width":1440,"height":960,"caption":"Aloha Senses Perfumes"},"image":{"@id":"https:\/\/aloha-senses.com\/en\/#\/schema\/logo\/image\/"},"sameAs":["https:\/\/www.facebook.com\/alohasenses\/","https:\/\/www.instagram.com\/alohasenses\/"]}]}},"_links":{"self":[{"href":"https:\/\/aloha-senses.com\/en\/wp-json\/wp\/v2\/product\/5847","targetHints":{"allow":["GET"]}}],"collection":[{"href":"https:\/\/aloha-senses.com\/en\/wp-json\/wp\/v2\/product"}],"about":[{"href":"https:\/\/aloha-senses.com\/en\/wp-json\/wp\/v2\/types\/product"}],"replies":[{"embeddable":true,"href":"https:\/\/aloha-senses.com\/en\/wp-json\/wp\/v2\/comments?post=5847"}],"wp:featuredmedia":[{"embeddable":true,"href":"https:\/\/aloha-senses.com\/en\/wp-json\/wp\/v2\/media\/5536"}],"wp:attachment":[{"href":"https:\/\/aloha-senses.com\/en\/wp-json\/wp\/v2\/media?parent=5847"}],"wp:term":[{"taxonomy":"product_brand","embeddable":true,"href":"https:\/\/aloha-senses.com\/en\/wp-json\/wp\/v2\/product_brand?post=5847"},{"taxonomy":"product_cat","embeddable":true,"href":"https:\/\/aloha-senses.com\/en\/wp-json\/wp\/v2\/product_cat?post=5847"},{"taxonomy":"product_tag","embeddable":true,"href":"https:\/\/aloha-senses.com\/en\/wp-json\/wp\/v2\/product_tag?post=5847"}],"curies":[{"name":"wp","href":"https:\/\/api.w.org\/{rel}","templated":true}]}}