{"id":7274,"date":"2024-02-02T11:48:10","date_gmt":"2024-02-02T10:48:10","guid":{"rendered":"https:\/\/aloha-senses.com\/?post_type=product&#038;p=7274"},"modified":"2025-04-24T18:24:03","modified_gmt":"2025-04-24T16:24:03","slug":"perfume-workshop-rose","status":"publish","type":"product","link":"https:\/\/aloha-senses.com\/en\/shop\/perfume-workshop-rose\/","title":{"rendered":"Perfume Workshop | Rose Perfume (Roll-On)"},"content":{"rendered":"<h3 class=\"has-text-align-center\" style=\"text-align: center;\">ROSE PERFUME WORKSHOP<\/h3>\n<p style=\"text-align: center;\">On this special evening, everything revolves around one of the most precious and important fragrances in perfume creation: the ROSE. Corinna has selected a small palette of precious fragrances with which you will blend and create your own personal rose accord in MCT oil (fractionated organic coconut oil). The basis is Corinna&#8217;s favorite rose essence: genuine, precious Damask Rose Absolute from Turkey.<\/p>\n<p class=\"has-text-align-center\" style=\"text-align: center;\">We use 100% natural essences such as rare woods, precious floral absolutes, sensual spices and warm gourmand notes. All workshops will be teached in German by Corinna Kuhnert, perfumer and architect.<\/p>\n<h3 id=\"h-dein-selbst-kreiertes-parfum\" class=\"wp-block-heading has-text-align-center\" style=\"text-align: center;\">YOUR SELF-CREATED ROSE PERFUME<\/h3>\n<p class=\"has-text-align-center\" style=\"text-align: center;\">Corinna will introduce each essence and you will learn how to smell them properly. The individual facets are easily grasped, olfactorily perceived, and become familiar. You will discover the difference between base notes, heart notes and top notes for the classic structure of a perfume and get to know different possibilities of a simple Rose fragrance accord. With these simple tools, you can create your own personal Rose Perfume with Corinna&#8217;s guidance.<\/p>\n<p style=\"text-align: center;\">This 3-hour workshop is ideal for getting a taste of the world of perfume creation and gaining a first impression. Come with your date, your best friend or just you!<\/p>\n<p style=\"text-align: center;\">The heart of your Rose Perfume is the Rose &#8211; the specified middle note. There are two handful of different top notes and base notes to choose from, which you select by smelling, using your intuition and being very creative. The fun and sensual Rose is the star of this evening! In our 3.5-hour perfume workshops &#8220;The Little Perfumer&#8221; we dive even deeper, and there are more essences available, which Corinna introduces in detail.<\/p>\n<h3 style=\"text-align: center;\">LOVELY, SEXY, WOODY <em>or<\/em> SMOKY?<\/h3>\n<p style=\"text-align: center;\">At the Perfume Workshop, you can choose the direction you want to go with your Rose fragrance: whether sweet, smoky, spicy with a hint of Pepper or Nutmeg, sexy with Patchouli, earthy with Vetiver from Haiti &#8211; fresh with Citrus top notes such as Bergamot or woody with Ho Wood, etc. With Corinna&#8217;s guidance, you will create your first simple Rose accord.<\/p>\n<p class=\"has-text-align-center\" style=\"text-align: center;\">At the end, each participant will take home their own, self-created Rose perfume in MCT oil (fractionated organic coconut oil) &#8211; incl. own formula: 10 ml in a high-quality glass bottle with Roll-on and high-quality silver cap. This also offers you an alternative to an Eau de Parfum &#8211; a perfume without alcohol.<\/p>\n<h3 style=\"text-align: center;\">NATURAL <em>instead of<\/em> SYNTHETIC ESSENCES<\/h3>\n<p style=\"text-align: center;\">Even if you love conventional perfume, you can smell our curated 100% botanical essences in our workshop and use your knowledge later for your work with synthetic perfumes. The advantage: smelling real Rose is a sensual experience.<\/p>\n&#13;\n<h3 id=\"h-keine-vorkenntnisse-notig\" class=\"wp-block-heading has-text-align-center\" style=\"text-align: center;\">NO PREVIOUS KNOWLEDGE NECESSARY<\/h3>&#13;\n<p class=\"has-text-align-center\" style=\"text-align: center;\">Du kannst v\u00f6llig ohne Vorkenntnisse in diesen Workshop kommen. Ab 15 Jahren. Die Freude am kreativen Ausprobieren steht im Vordergrund! Alle ben\u00f6tigten Materialien werden von uns zur Verf\u00fcgung gestellt. Du wirst sehen &#8211; es ist etwas Wunderbares, mit nat\u00fcrlichen Essenzen zu experimentieren, und deine Kreativit\u00e4t entfaltet sich ganz von allein!<\/p>&#13;\n&#13;\n<h3 class=\"wp-block-heading has-text-align-center\" style=\"text-align: center;\">SLOW DOWN <em>and<\/em> RECONNECT <em>with<\/em> NATURE<\/h3>&#13;\n<p class=\"has-text-align-center\" style=\"text-align: center;\">Bei unseren Parfum Workshops entschleunigst du, l\u00e4sst deinen Alltag hinter dir und tauchst mit Freude in die Kunst der Parfumherstellung ein. W\u00e4hrend du kreativ sch\u00f6pferisch unterwegs bist, f\u00e4llt es dir leicht, gleichzeitig zu entspannen. Du verbindest dich zur\u00fcck mit der Natur, weil wir ausschlie\u00dflich rein nat\u00fcrliche, 100% botanische Duftstoffe nutzen!<\/p>&#13;\n&#13;\n<h3 class=\"wp-block-heading has-text-align-center\" style=\"text-align: center;\">DATE<\/h3>&#13;\n<p class=\"wp-block-heading has-text-align-center\" style=\"text-align: center;\">Valentinstag | Fr, 14. Februar 2025 l 17:30 \u2013 20.30 Uhr | AUSGEBUCHT<\/p>&#13;\n<h3 class=\"wp-block-heading has-text-align-center\" style=\"text-align: center;\">LOCATION<\/h3>&#13;\n<p class=\"wp-block-heading has-text-align-center\" style=\"text-align: center;\">Topfhaus im Alten Botanischen Garten, <br\/>Schwanenweg Ecke D\u00fcsternbrooker Weg, 24105 Kiel<br\/>(denkmalgesch\u00fctztes, wundersch\u00f6nes Geb\u00e4ude!)<\/p>&#13;\n<h3 style=\"text-align: center;\">COSTS<\/h3>&#13;\n<p style=\"text-align: center;\">155,- Euro pro Person<br\/>inkl. <br\/>eigenem Rosenparfum in MCT-\u00d6l im Glas-Roll-On,<br\/>allen kostbaren Materialien &amp; eigener kreierter Rezeptur,<br\/>k\u00f6stliche Macarons, Tramezzini-Sandwiches &amp; Cr\u00e9mant Sekt<\/p>&#13;\n<h3 style=\"text-align: center;\">DISCOUNT<\/h3>&#13;\n<p style=\"text-align: center;\">Die Teilnehmer erhalten einen Rabatt auf unsere Aloha Senses Perfumes, die sie am Tag des Workshops bei uns kaufen.<\/p>&#13;\n<h3 style=\"text-align: center;\">TIP<\/h3>&#13;\n<p style=\"text-align: center;\">Du solltest am Tag des Workshops auf stark riechende Creme und ganz auf Parfum verzichten, damit du dich voll auf deine eigene Parfum-Kreation konzentrieren kannst. Sichere dir schnell deinen Platz, denn Pl\u00e4tze sind begrenzt und beliebt!<\/p>&#13;\n<h3 class=\"wp-block-heading has-text-align-center\" style=\"text-align: center;\">BOOKING <em>for other<\/em> PERSONS<\/h3>&#13;\n<p style=\"text-align: center;\">Wenn du den Workshop f\u00fcr eine andere Person buchst oder du f\u00fcr mehrere Personen buchst, dann notiere bitte beim Checkout im Feld unter &#8220;Anmerkungen zur Bestellung&#8221; alle Namen der Teilnehmer sowie m\u00f6glichst deren Email-Adressen, damit wir ein paar Tage vor Workshop-Beginn alle wichtigen Vorbereitung-Infos zusenden k\u00f6nnen.<\/p>&#13;\n<p style=\"text-align: center;\"><\/p><p>Would you like to learn more about Corinna? <a href=\"https:\/\/aloha-senses.com\/en\/meet-the-makers\/\">MEET the MAKERS<\/a><\/p>\n<p style=\"text-align: center;\"><strong>With the purchase of this workshop you agree to our <a href=\"https:\/\/aloha-senses.com\/en\/general-terms-and-conditions-gtc\/\" target=\"_blank\" rel=\"noopener\">terms and conditions<\/a>.<\/strong><!-- \/wp:post-content --><\/p>\n<p><!-- wp:heading {\"textAlign\":\"center\",\"level\":3} --><\/p>\n<h3 style=\"text-align: center;\"><!-- \/wp:heading --><\/p>\n<p><!-- wp:paragraph {\"align\":\"center\"} --><\/h3>\n","protected":false},"excerpt":{"rendered":"<h2><strong>CREATE YOUR OWN ROSE PERFUME!<\/strong><\/h2>\n<p>On this special evening, everything revolves around one of the most precious and important fragrances in perfume creation: the ROSE. Corinna has selected a small palette of precious essences with which you will blend and create your own personal rose accord.<\/p>\n<h3><strong>THE WORKSHOP INCLUDES:<\/strong><\/h3>\n<p><!-- wp:paragraph {\"align\":\"center\"} --><\/p>\n<p>Own natural perfume in MCT oil (fractionated organic coconut oil) in a high-quality 10 ml glass bottle with Roll-on, your recipe, all precious materials, delicious macarons, Tramezzini sandwiches &amp; Cr\u00e9mant champagne.<\/p>\n<p>From 15 years. No previous experience necessary. Bring interest and joy and unfold your creativity! So just bring your creative spirit and an eagerness to learn!<\/p>\n<p>FULLY BOOKED!<\/p>\n<p><!-- \/wp:paragraph --><\/p>\n<p><!-- wp:paragraph {\"align\":\"center\"} --><\/p>\n","protected":false},"featured_media":7279,"comment_status":"open","ping_status":"closed","template":"","meta":{"inline_featured_image":false},"product_brand":[],"product_cat":[186],"product_tag":[],"class_list":{"0":"post-7274","1":"product","2":"type-product","3":"status-publish","4":"has-post-thumbnail","6":"product_cat-perfumery-school-en","7":"pif-has-gallery","9":"first","10":"outofstock","11":"virtual","12":"taxable","13":"purchasable","14":"product-type-simple"},"yoast_head":"<!-- This site is optimized with the Yoast SEO Premium plugin v27.4 (Yoast SEO v27.4) - https:\/\/yoast.com\/product\/yoast-seo-premium-wordpress\/ -->\n<title>Make your own rose perfume. (roll-on)<\/title>\n<meta name=\"description\" content=\"Make your own rose perfume. Material included. Evening workshop: At the end you will take home your own rose fragrance in a roll-on.\" \/>\n<meta name=\"robots\" content=\"index, follow, max-snippet:-1, max-image-preview:large, max-video-preview:-1\" \/>\n<link rel=\"canonical\" href=\"https:\/\/aloha-senses.com\/en\/shop\/perfume-workshop-rose\/\" \/>\n<meta property=\"og:locale\" content=\"en_US\" \/>\n<meta property=\"og:type\" content=\"article\" \/>\n<meta property=\"og:title\" content=\"Perfume Workshop | Rose Perfume (Roll-On)\" \/>\n<meta property=\"og:description\" content=\"CREATE YOUR OWN ROSE PERFUME! On this special evening, everything revolves around one of the most precious and important fragrances in perfume creation: the ROSE. Corinna has selected a small palette of precious essences with which you will blend and create your own personal rose accord. THE WORKSHOP INCLUDES: Own natural perfume in MCT oil (fractionated organic coconut oil) in a high-quality 10 ml glass bottle with Roll-on, your recipe, all precious materials, delicious macarons, Tramezzini sandwiches &amp; Cr\u00e9mant champagne. From 15 years. No previous experience necessary. Bring interest and joy and unfold your creativity! So just bring your creative spirit and an eagerness to learn! FULLY BOOKED!\" \/>\n<meta property=\"og:url\" content=\"https:\/\/aloha-senses.com\/en\/shop\/perfume-workshop-rose\/\" \/>\n<meta property=\"og:site_name\" content=\"Aloha Senses Perfumes\" \/>\n<meta property=\"article:publisher\" content=\"https:\/\/www.facebook.com\/alohasenses\/\" \/>\n<meta property=\"article:modified_time\" content=\"2025-04-24T16:24:03+00:00\" \/>\n<meta property=\"og:image\" content=\"https:\/\/aloha-senses.com\/wp-content\/uploads\/2024\/02\/Naturparfum-Workshop-06_Valentinstag2024.jpg\" \/>\n\t<meta property=\"og:image:width\" content=\"900\" \/>\n\t<meta property=\"og:image:height\" content=\"900\" \/>\n\t<meta property=\"og:image:type\" content=\"image\/jpeg\" \/>\n<meta name=\"twitter:card\" content=\"summary_large_image\" \/>\n<meta name=\"twitter:label1\" content=\"Est. reading time\" \/>\n\t<meta name=\"twitter:data1\" content=\"4 minutes\" \/>\n<script type=\"application\/ld+json\" class=\"yoast-schema-graph\">{\"@context\":\"https:\\\/\\\/schema.org\",\"@graph\":[{\"@type\":\"WebPage\",\"@id\":\"https:\\\/\\\/aloha-senses.com\\\/en\\\/shop\\\/perfume-workshop-rose\\\/\",\"url\":\"https:\\\/\\\/aloha-senses.com\\\/en\\\/shop\\\/perfume-workshop-rose\\\/\",\"name\":\"Make your own rose perfume. (roll-on)\",\"isPartOf\":{\"@id\":\"https:\\\/\\\/aloha-senses.com\\\/en\\\/#website\"},\"primaryImageOfPage\":{\"@id\":\"https:\\\/\\\/aloha-senses.com\\\/en\\\/shop\\\/perfume-workshop-rose\\\/#primaryimage\"},\"image\":{\"@id\":\"https:\\\/\\\/aloha-senses.com\\\/en\\\/shop\\\/perfume-workshop-rose\\\/#primaryimage\"},\"thumbnailUrl\":\"https:\\\/\\\/aloha-senses.com\\\/wp-content\\\/uploads\\\/2024\\\/02\\\/Naturparfum-Workshop-06_Valentinstag2024.jpg\",\"datePublished\":\"2024-02-02T10:48:10+00:00\",\"dateModified\":\"2025-04-24T16:24:03+00:00\",\"description\":\"Make your own rose perfume. Material included. Evening workshop: At the end you will take home your own rose fragrance in a roll-on.\",\"breadcrumb\":{\"@id\":\"https:\\\/\\\/aloha-senses.com\\\/en\\\/shop\\\/perfume-workshop-rose\\\/#breadcrumb\"},\"inLanguage\":\"en-US\",\"potentialAction\":[{\"@type\":\"ReadAction\",\"target\":[\"https:\\\/\\\/aloha-senses.com\\\/en\\\/shop\\\/perfume-workshop-rose\\\/\"]}]},{\"@type\":\"ImageObject\",\"inLanguage\":\"en-US\",\"@id\":\"https:\\\/\\\/aloha-senses.com\\\/en\\\/shop\\\/perfume-workshop-rose\\\/#primaryimage\",\"url\":\"https:\\\/\\\/aloha-senses.com\\\/wp-content\\\/uploads\\\/2024\\\/02\\\/Naturparfum-Workshop-06_Valentinstag2024.jpg\",\"contentUrl\":\"https:\\\/\\\/aloha-senses.com\\\/wp-content\\\/uploads\\\/2024\\\/02\\\/Naturparfum-Workshop-06_Valentinstag2024.jpg\",\"width\":900,\"height\":900},{\"@type\":\"BreadcrumbList\",\"@id\":\"https:\\\/\\\/aloha-senses.com\\\/en\\\/shop\\\/perfume-workshop-rose\\\/#breadcrumb\",\"itemListElement\":[{\"@type\":\"ListItem\",\"position\":1,\"name\":\"Homepage\",\"item\":\"https:\\\/\\\/aloha-senses.com\\\/en\\\/\"},{\"@type\":\"ListItem\",\"position\":2,\"name\":\"SHOP\",\"item\":\"https:\\\/\\\/aloha-senses.com\\\/shop\\\/\"},{\"@type\":\"ListItem\",\"position\":3,\"name\":\"Perfume Workshop | Rose Perfume (Roll-On)\"}]},{\"@type\":\"WebSite\",\"@id\":\"https:\\\/\\\/aloha-senses.com\\\/en\\\/#website\",\"url\":\"https:\\\/\\\/aloha-senses.com\\\/en\\\/\",\"name\":\"Aloha Senses Perfumes\",\"description\":\"all natural | handmade\",\"publisher\":{\"@id\":\"https:\\\/\\\/aloha-senses.com\\\/en\\\/#organization\"},\"potentialAction\":[{\"@type\":\"SearchAction\",\"target\":{\"@type\":\"EntryPoint\",\"urlTemplate\":\"https:\\\/\\\/aloha-senses.com\\\/en\\\/?s={search_term_string}\"},\"query-input\":{\"@type\":\"PropertyValueSpecification\",\"valueRequired\":true,\"valueName\":\"search_term_string\"}}],\"inLanguage\":\"en-US\"},{\"@type\":\"Organization\",\"@id\":\"https:\\\/\\\/aloha-senses.com\\\/en\\\/#organization\",\"name\":\"Aloha Senses Perfumes\",\"url\":\"https:\\\/\\\/aloha-senses.com\\\/en\\\/\",\"logo\":{\"@type\":\"ImageObject\",\"inLanguage\":\"en-US\",\"@id\":\"https:\\\/\\\/aloha-senses.com\\\/en\\\/#\\\/schema\\\/logo\\\/image\\\/\",\"url\":\"https:\\\/\\\/aloha-senses.com\\\/wp-content\\\/uploads\\\/2022\\\/09\\\/Aloha-Senses-Natural-Perfume.jpg\",\"contentUrl\":\"https:\\\/\\\/aloha-senses.com\\\/wp-content\\\/uploads\\\/2022\\\/09\\\/Aloha-Senses-Natural-Perfume.jpg\",\"width\":1440,\"height\":960,\"caption\":\"Aloha Senses Perfumes\"},\"image\":{\"@id\":\"https:\\\/\\\/aloha-senses.com\\\/en\\\/#\\\/schema\\\/logo\\\/image\\\/\"},\"sameAs\":[\"https:\\\/\\\/www.facebook.com\\\/alohasenses\\\/\",\"https:\\\/\\\/www.instagram.com\\\/alohasenses\\\/\"]}]}<\/script>\n<!-- \/ Yoast SEO Premium plugin. -->","yoast_head_json":{"title":"Make your own rose perfume. (roll-on)","description":"Make your own rose perfume. Material included. Evening workshop: At the end you will take home your own rose fragrance in a roll-on.","robots":{"index":"index","follow":"follow","max-snippet":"max-snippet:-1","max-image-preview":"max-image-preview:large","max-video-preview":"max-video-preview:-1"},"canonical":"https:\/\/aloha-senses.com\/en\/shop\/perfume-workshop-rose\/","og_locale":"en_US","og_type":"article","og_title":"Perfume Workshop | Rose Perfume (Roll-On)","og_description":"CREATE YOUR OWN ROSE PERFUME! On this special evening, everything revolves around one of the most precious and important fragrances in perfume creation: the ROSE. Corinna has selected a small palette of precious essences with which you will blend and create your own personal rose accord. THE WORKSHOP INCLUDES: Own natural perfume in MCT oil (fractionated organic coconut oil) in a high-quality 10 ml glass bottle with Roll-on, your recipe, all precious materials, delicious macarons, Tramezzini sandwiches &amp; Cr\u00e9mant champagne. From 15 years. No previous experience necessary. Bring interest and joy and unfold your creativity! So just bring your creative spirit and an eagerness to learn! FULLY BOOKED!","og_url":"https:\/\/aloha-senses.com\/en\/shop\/perfume-workshop-rose\/","og_site_name":"Aloha Senses Perfumes","article_publisher":"https:\/\/www.facebook.com\/alohasenses\/","article_modified_time":"2025-04-24T16:24:03+00:00","og_image":[{"width":900,"height":900,"url":"https:\/\/aloha-senses.com\/wp-content\/uploads\/2024\/02\/Naturparfum-Workshop-06_Valentinstag2024.jpg","type":"image\/jpeg"}],"twitter_card":"summary_large_image","twitter_misc":{"Est. reading time":"4 minutes"},"schema":{"@context":"https:\/\/schema.org","@graph":[{"@type":"WebPage","@id":"https:\/\/aloha-senses.com\/en\/shop\/perfume-workshop-rose\/","url":"https:\/\/aloha-senses.com\/en\/shop\/perfume-workshop-rose\/","name":"Make your own rose perfume. (roll-on)","isPartOf":{"@id":"https:\/\/aloha-senses.com\/en\/#website"},"primaryImageOfPage":{"@id":"https:\/\/aloha-senses.com\/en\/shop\/perfume-workshop-rose\/#primaryimage"},"image":{"@id":"https:\/\/aloha-senses.com\/en\/shop\/perfume-workshop-rose\/#primaryimage"},"thumbnailUrl":"https:\/\/aloha-senses.com\/wp-content\/uploads\/2024\/02\/Naturparfum-Workshop-06_Valentinstag2024.jpg","datePublished":"2024-02-02T10:48:10+00:00","dateModified":"2025-04-24T16:24:03+00:00","description":"Make your own rose perfume. Material included. Evening workshop: At the end you will take home your own rose fragrance in a roll-on.","breadcrumb":{"@id":"https:\/\/aloha-senses.com\/en\/shop\/perfume-workshop-rose\/#breadcrumb"},"inLanguage":"en-US","potentialAction":[{"@type":"ReadAction","target":["https:\/\/aloha-senses.com\/en\/shop\/perfume-workshop-rose\/"]}]},{"@type":"ImageObject","inLanguage":"en-US","@id":"https:\/\/aloha-senses.com\/en\/shop\/perfume-workshop-rose\/#primaryimage","url":"https:\/\/aloha-senses.com\/wp-content\/uploads\/2024\/02\/Naturparfum-Workshop-06_Valentinstag2024.jpg","contentUrl":"https:\/\/aloha-senses.com\/wp-content\/uploads\/2024\/02\/Naturparfum-Workshop-06_Valentinstag2024.jpg","width":900,"height":900},{"@type":"BreadcrumbList","@id":"https:\/\/aloha-senses.com\/en\/shop\/perfume-workshop-rose\/#breadcrumb","itemListElement":[{"@type":"ListItem","position":1,"name":"Homepage","item":"https:\/\/aloha-senses.com\/en\/"},{"@type":"ListItem","position":2,"name":"SHOP","item":"https:\/\/aloha-senses.com\/shop\/"},{"@type":"ListItem","position":3,"name":"Perfume Workshop | Rose Perfume (Roll-On)"}]},{"@type":"WebSite","@id":"https:\/\/aloha-senses.com\/en\/#website","url":"https:\/\/aloha-senses.com\/en\/","name":"Aloha Senses Perfumes","description":"all natural | handmade","publisher":{"@id":"https:\/\/aloha-senses.com\/en\/#organization"},"potentialAction":[{"@type":"SearchAction","target":{"@type":"EntryPoint","urlTemplate":"https:\/\/aloha-senses.com\/en\/?s={search_term_string}"},"query-input":{"@type":"PropertyValueSpecification","valueRequired":true,"valueName":"search_term_string"}}],"inLanguage":"en-US"},{"@type":"Organization","@id":"https:\/\/aloha-senses.com\/en\/#organization","name":"Aloha Senses Perfumes","url":"https:\/\/aloha-senses.com\/en\/","logo":{"@type":"ImageObject","inLanguage":"en-US","@id":"https:\/\/aloha-senses.com\/en\/#\/schema\/logo\/image\/","url":"https:\/\/aloha-senses.com\/wp-content\/uploads\/2022\/09\/Aloha-Senses-Natural-Perfume.jpg","contentUrl":"https:\/\/aloha-senses.com\/wp-content\/uploads\/2022\/09\/Aloha-Senses-Natural-Perfume.jpg","width":1440,"height":960,"caption":"Aloha Senses Perfumes"},"image":{"@id":"https:\/\/aloha-senses.com\/en\/#\/schema\/logo\/image\/"},"sameAs":["https:\/\/www.facebook.com\/alohasenses\/","https:\/\/www.instagram.com\/alohasenses\/"]}]}},"_links":{"self":[{"href":"https:\/\/aloha-senses.com\/en\/wp-json\/wp\/v2\/product\/7274","targetHints":{"allow":["GET"]}}],"collection":[{"href":"https:\/\/aloha-senses.com\/en\/wp-json\/wp\/v2\/product"}],"about":[{"href":"https:\/\/aloha-senses.com\/en\/wp-json\/wp\/v2\/types\/product"}],"replies":[{"embeddable":true,"href":"https:\/\/aloha-senses.com\/en\/wp-json\/wp\/v2\/comments?post=7274"}],"wp:featuredmedia":[{"embeddable":true,"href":"https:\/\/aloha-senses.com\/en\/wp-json\/wp\/v2\/media\/7279"}],"wp:attachment":[{"href":"https:\/\/aloha-senses.com\/en\/wp-json\/wp\/v2\/media?parent=7274"}],"wp:term":[{"taxonomy":"product_brand","embeddable":true,"href":"https:\/\/aloha-senses.com\/en\/wp-json\/wp\/v2\/product_brand?post=7274"},{"taxonomy":"product_cat","embeddable":true,"href":"https:\/\/aloha-senses.com\/en\/wp-json\/wp\/v2\/product_cat?post=7274"},{"taxonomy":"product_tag","embeddable":true,"href":"https:\/\/aloha-senses.com\/en\/wp-json\/wp\/v2\/product_tag?post=7274"}],"curies":[{"name":"wp","href":"https:\/\/api.w.org\/{rel}","templated":true}]}}