{"id":9475,"date":"2025-01-30T22:36:06","date_gmt":"2025-01-30T21:36:06","guid":{"rendered":"https:\/\/aloha-senses.com\/?post_type=product&#038;p=9475"},"modified":"2025-07-13T23:19:54","modified_gmt":"2025-07-13T21:19:54","slug":"perfume-workshop-gourmand-perfume-kopie","status":"publish","type":"product","link":"https:\/\/aloha-senses.com\/en\/shop\/perfume-workshop-gourmand-perfume-kopie\/","title":{"rendered":"Perfumery Day Retreat | 08.11.2025 &#8211; Hamburg"},"content":{"rendered":"<h3 style=\"text-align: center;\">CREATIVE TIME OUT <em>at<br \/><\/em>STILWERK STRANDHOTEL BLANKENESE<\/h3>\n<p style=\"text-align: center;\">Immerse yourself in an inspiring world with us in the stylish studio of this beautiful art nouveau villa overlooking the Elbe. The Perfumery Day Retreat will take place at the stilwerk Strandhotel Blankenese, so you might even be able to enjoy a short trip to beautiful Hamburg. The boutique hotel is located in the first row on the Elbe, so you can take a wonderful walk along the Elbe during your lunch break. If you would like to stay at the Strandhotel, we will give you a code for a discounted room rate. You will find the villa with 12 individual rooms in the famous staircase district in Blankenese, which is culturally interesting and has great restaurants.    <\/p>\n<h3 style=\"text-align: center;\">A WHOLE DAY <em>FULL OF<\/em> CREATIVITY &amp; MEANINGFULNESS<\/h3>\n<p style=\"text-align: center;\">For one day, you will disconnect from your everyday life and dedicate yourself to creating your own perfume under Corinna&#8217;s professional guidance and assistance. How relaxing is that?  In the morning, you will get to know all the essences of the selected fragrance range intensively and explore the first inspiring accords. Corinna will introduce each essence and you will learn how to smell them properly. And since we have plenty of time on this special day, you have an extended range of essences at your disposal, so you can go into many directions with your perfume creation.<\/p>\n<h3 id=\"h-dein-selbst-kreiertes-parfum\" class=\"wp-block-heading has-text-align-center\" style=\"text-align: center;\">100% NATURAL ESSENCES<\/h3>\n<p class=\"has-text-align-center\" style=\"text-align: center;\">The individual facets are easily grasped, olfactorily perceived, and become familiar. You will discover the difference between base notes, middle notes and top notes for the classic structure of a perfume, learn about a first simple fragrance architecture as well as the classic fragrance families. We use 100% natural essences such as rare woods, precious floral absolutes, sensual spices and warm gourmand notes.<\/p>\n<h3 id=\"h-lunch-mit-der-parfumeurin\" class=\"wp-block-heading has-text-align-center\" style=\"text-align: center;\">LUNCH <em>with the<\/em> PERFUMER<\/h3>\n<p class=\"has-text-align-center\" style=\"text-align: center;\">Over a delicious, light lunch in the light-flooded Club Room of the Strandhotel, you will receive additional, exciting insider tips from Corinna and can ask personal questions about your perfume design ideas so that you can learn even more.<\/p>\n<h3 id=\"h-dein-selbst-kreiertes-parfum\" class=\"wp-block-heading has-text-align-center\" style=\"text-align: center;\">YOUR OWN CREATED PERFUME<\/h3>\n<p style=\"text-align: center;\">In the afternoon, you will create your own personal perfume intuitively and playfully, supported by Corinna&#8217;s tips and expertise. Finally, you will learn how to fill your eau de parfum into your high-quality glass bottle (15 ml) &#8211; just like in the lab. You will of course take your perfume home with you later, including the recipe.   <\/p>\n<h3 style=\"text-align: center;\">FEAST <em>for<\/em> ALL SENSES<\/h3>\n<p style=\"text-align: center;\">Finally, we fortify ourselves with delicious tramezzini sandwiches with yuzu cream cheese &amp; dill flowers. We will toast together with a glass of Prosecco or hibiscus tonic (non-alcoholic) while we talk about the finished 100% natural eau de parfums. This is a great way to end the day &#8211; and all in this beautiful setting with a fantastic view over the Elbe.<\/p>\n&#13;\n<h3 id=\"h-keine-vorkenntnisse-notig\" class=\"wp-block-heading has-text-align-center\" style=\"text-align: center;\">NO PREVIOUS KNOWLEDGE NECESSARY<\/h3>&#13;\n<p class=\"has-text-align-center\" style=\"text-align: center;\">Du kannst v\u00f6llig ohne Vorkenntnisse in unseren Perfumery Day Retreat kommen. Ab 15 Jahren. Die Freude am kreativen Ausprobieren steht im Vordergrund! Alle ben\u00f6tigten Materialien werden von uns zur Verf\u00fcgung gestellt. Du wirst sehen &#8211; es ist etwas Wunderbares, mit nat\u00fcrlichen Essenzen zu experimentieren, und deine Kreativit\u00e4t entfaltet sich ganz von allein!<\/p>&#13;\n<h3 id=\"h-bedeutung-retreat\" class=\"wp-block-heading has-text-align-center\" style=\"text-align: center;\">MEANING [ RETREAT ]<\/h3>&#13;\n<p class=\"wp-block-heading has-text-align-center\" style=\"text-align: center;\">\u201eRetreat\u201c, englisch f\u00fcr \u201eR\u00fcckzug\u201c, bezeichnet eine geplante Ruhepause oder ein R\u00fcckzug von der gewohnten Umgebung. W\u00e4hrend der Begriff im Englischen auch allgemein f\u00fcr Phasen von Entspannung oder Stressabbau benutzt wird, hat sich im deutschen Sprachraum die Bedeutung einer spirituellen Praxis durchgesetzt.<\/p>&#13;\n<h3 style=\"text-align: center;\">RELAXATION &amp; SLOWING-DOWN<\/h3>&#13;\n<p class=\"has-text-align-center\" style=\"text-align: center;\">In unserem entspannenden Perfumery Day Retreat erlebst du R\u00fcckzug aus deiner gewohnten Umgebung und l\u00e4sst Stress los durch Fokussierung. Du kultivierst deinen inneren K\u00fcnstler, w\u00e4hrend du spielerisch entscheidest, welche deine Lieblings-Essenzen sind und in welche Duftrichtung du dein Parfum entstehen l\u00e4sst. Dein innerer Beobachter hat viel Zeit wahrzunehmen, welch eine Vielfalt von Gef\u00fchlen und Erinnerungen dich dabei durchstr\u00f6men.<\/p>&#13;\n<h3 style=\"text-align: center;\">BACK TO NATURE<\/h3>&#13;\n<p class=\"has-text-align-center\" style=\"text-align: center;\">Wir empfinden es selbst als reine Freude und Geschenk, mit 100% nat\u00fcrlichen Essenzen zu arbeiten und immer wieder neue Duftkreationen zu entdecken, die einfach umwerfend riechen.<\/p>&#13;\n&#13;\n<h3 class=\"wp-block-heading has-text-align-center\" style=\"text-align: center;\">DATE &amp; LOCATION<\/h3>&#13;\n<p class=\"has-text-align-center\" style=\"text-align: center;\">Sa, 8. November 2025<br\/>11:00 \u2013 17:30 Uhr<\/p>&#13;\n<p style=\"text-align: center;\">stilwerk Strandhotel Blankenese<br\/>Strandweg 13 | 22587 Hamburg<br\/><a href=\"https:\/\/www.stilwerkhotels.com\/blankenese\" target=\"_blank\" rel=\"noreferrer noopener\">Homepage Strandhotel Blankenese<\/a><\/p>&#13;\n<h3 style=\"text-align: center;\">RETREAT FEE<\/h3>&#13;\n<p class=\"has-text-align-center\" style=\"text-align: center;\">255,- Euro pro Person<br\/>inkl. eigenem Parfum im 15 ml Glasflakon,<br\/>eigener Rezeptur &amp; allen kostbaren Materialien<br\/>inkl. leichtem Lunch<br\/>\u2013 voraussichtlich ein feines Ratatouille mit frischen Kr\u00e4utern \u2013<br\/>nachmittags Snacks &amp; Erfrischungen,<br\/>zum Ausklang k\u00f6stliche Tramezzini-Sandwiches<br\/>mit Yuzu-Frischk\u00e4se &amp; Dillbl\u00fcten,<br\/>Prosecco \/ Hibiskus-Tonic (nicht-alkoholisch),<br\/>und einem Traumblick \u00fcber die Elbe<\/p>&#13;\n<h3 style=\"text-align: center;\">HOTEL ROOMS<\/h3>&#13;\n<p style=\"text-align: center;\">Wer sich ein absolutes Verw\u00f6hn-Wochenende in Hamburg g\u00f6nnen und gleich im Stilwerk Strandhotel \u00fcbernachten m\u00f6chte, erh\u00e4lt von uns einen Code \u00fcber 10% Rabatt auf die Zimmerrate. Einfach beim Checkout im Feld unter &#8220;Anmerkungen zur Bestellung&#8221; erw\u00e4hnen \u2013 wir senden dir dann Infos zu. Mit dem Code kannst du dir dann eigenst\u00e4ndig auf der stilwerk Website dein Hotelzimmer aussuchen und buchen.<\/p>&#13;\n<h3 style=\"text-align: center;\">DISCOUNT<\/h3>&#13;\n<p class=\"has-text-align-center\" style=\"text-align: center;\">Die Teilnehmer erhalten einen tollen Rabatt auf unsere Aloha Senses Perfumes, die sie am Tag des Retreats bei uns kaufen.<\/p>&#13;\n&#13;\n<h3 style=\"text-align: center;\">TIPP: KEIN PARFUM AUFLEGEN<\/h3>&#13;\n&#13;\n<p class=\"has-text-align-center\" style=\"text-align: center;\">On the day of the retreat, you should refrain from using strong-smelling creams and perfume altogether so that you can concentrate fully on your own perfume creation. Secure your spot quickly because spots are limited and popular!<\/p>&#13;\n<h3 class=\"wp-block-heading has-text-align-center\" style=\"text-align: center;\">BUCHUNG <em>f\u00fcr andere<\/em> PERSONEN<\/h3>&#13;\n<p style=\"text-align: center;\">If you are booking the Perfumery Day Retreat for another person or for several people, please make a note of all the names of the participants and their email addresses in the &#8220;Order notes&#8221; field at checkout so that we can send you all the important preparation information shortly before the start of the retreat.<\/p>&#13;\n<p class=\"has-text-align-center\" style=\"text-align: center;\">Would you like to learn more about Corinna? <a href=\"https:\/\/aloha-senses.com\/en\/meet-the-makers\/\">MEET the MAKERS<\/a><\/p>&#13;\n<p style=\"text-align: center;\"><strong>By purchasing this Day Retreat you agree to our <a href=\"https:\/\/aloha-senses.com\/en\/general-terms-and-conditions-gtc\/\" target=\"_blank\" rel=\"noopener\">terms and conditions<\/a>.<\/strong><\/p><\/p>\n","protected":false},"excerpt":{"rendered":"<h2><strong>CREATE YOUR OWN PERFUME!<\/strong><\/h2>\n<p>A whole day to get to know an extended range of essences and create your own perfume! Immerse yourself in an inspiring world with us at the beautiful stilwerk Strandhotel Blankenese &#8211; with a view of the Elbe. <\/p>\n<h3><strong>THE DAY RETREAT INCLUDES:<\/strong><\/h3>\n<p><!-- wp:paragraph {\"align\":\"center\"} --><\/p>\n<p>Your own perfume in a high-quality 15 ml glass flacon, your formulation &amp; all precious materials, lunch with the perfumer, snacks &amp; refreshments, delicious small bites, finishing with prosecco \/ hibiscus tonic. Optional: discounted room rate. <\/p>\n<p>From 15 years. No previous experience necessary. Bring interest and joy and unfold your creativity! So just bring your creative spirit and an eagerness to learn!<\/p>\n<p><!-- \/wp:paragraph --><\/p>\n<p><!-- wp:paragraph {\"align\":\"center\"} --><\/p>\n","protected":false},"featured_media":9489,"comment_status":"open","ping_status":"closed","template":"","meta":{"inline_featured_image":false},"product_brand":[],"product_cat":[186],"product_tag":[],"class_list":{"0":"post-9475","1":"product","2":"type-product","3":"status-publish","4":"has-post-thumbnail","6":"product_cat-perfumery-school-en","7":"pif-has-gallery","9":"first","10":"outofstock","11":"featured","12":"virtual","13":"taxable","14":"purchasable","15":"product-type-simple"},"yoast_head":"<!-- This site is optimized with the Yoast SEO Premium plugin v27.4 (Yoast SEO v27.4) - https:\/\/yoast.com\/product\/yoast-seo-premium-wordpress\/ -->\n<title>Perfumery Day Retreat at the Stilwerk Strandhotel Blankenese<\/title>\n<meta name=\"description\" content=\"Discover the art of perfume creation at the Perfumery Day Retreat by Aloha Senses Perfumery School in Hamburg&#039;s Treppenviertel.\" \/>\n<meta name=\"robots\" content=\"index, follow, max-snippet:-1, max-image-preview:large, max-video-preview:-1\" \/>\n<link rel=\"canonical\" href=\"https:\/\/aloha-senses.com\/en\/shop\/perfume-workshop-gourmand-perfume-kopie\/\" \/>\n<meta property=\"og:locale\" content=\"en_US\" \/>\n<meta property=\"og:type\" content=\"article\" \/>\n<meta property=\"og:title\" content=\"Perfumery Day Retreat | 08.11.2025 - Hamburg\" \/>\n<meta property=\"og:description\" content=\"CREATE YOUR OWN PERFUME! A whole day to get to know an extended range of essences and create your own perfume! Immerse yourself in an inspiring world with us at the beautiful stilwerk Strandhotel Blankenese - with a view of the Elbe. THE DAY RETREAT INCLUDES: Your own perfume in a high-quality 15 ml glass flacon, your formulation &amp; all precious materials, lunch with the perfumer, snacks &amp; refreshments, delicious small bites, finishing with prosecco \/ hibiscus tonic. Optional: discounted room rate. From 15 years. No previous experience necessary. Bring interest and joy and unfold your creativity! So just bring your creative spirit and an eagerness to learn!\" \/>\n<meta property=\"og:url\" content=\"https:\/\/aloha-senses.com\/en\/shop\/perfume-workshop-gourmand-perfume-kopie\/\" \/>\n<meta property=\"og:site_name\" content=\"Aloha Senses Perfumes\" \/>\n<meta property=\"article:publisher\" content=\"https:\/\/www.facebook.com\/alohasenses\/\" \/>\n<meta property=\"article:modified_time\" content=\"2025-07-13T21:19:54+00:00\" \/>\n<meta property=\"og:image\" content=\"https:\/\/aloha-senses.com\/wp-content\/uploads\/2025\/01\/Stilwerk-Strandhotel_09.jpg\" \/>\n\t<meta property=\"og:image:width\" content=\"1200\" \/>\n\t<meta property=\"og:image:height\" content=\"1200\" \/>\n\t<meta property=\"og:image:type\" content=\"image\/jpeg\" \/>\n<meta name=\"twitter:card\" content=\"summary_large_image\" \/>\n<meta name=\"twitter:label1\" content=\"Est. reading time\" \/>\n\t<meta name=\"twitter:data1\" content=\"6 minutes\" \/>\n<script type=\"application\/ld+json\" class=\"yoast-schema-graph\">{\"@context\":\"https:\\\/\\\/schema.org\",\"@graph\":[{\"@type\":\"WebPage\",\"@id\":\"https:\\\/\\\/aloha-senses.com\\\/en\\\/shop\\\/perfume-workshop-gourmand-perfume-kopie\\\/\",\"url\":\"https:\\\/\\\/aloha-senses.com\\\/en\\\/shop\\\/perfume-workshop-gourmand-perfume-kopie\\\/\",\"name\":\"Perfumery Day Retreat at the Stilwerk Strandhotel Blankenese\",\"isPartOf\":{\"@id\":\"https:\\\/\\\/aloha-senses.com\\\/en\\\/#website\"},\"primaryImageOfPage\":{\"@id\":\"https:\\\/\\\/aloha-senses.com\\\/en\\\/shop\\\/perfume-workshop-gourmand-perfume-kopie\\\/#primaryimage\"},\"image\":{\"@id\":\"https:\\\/\\\/aloha-senses.com\\\/en\\\/shop\\\/perfume-workshop-gourmand-perfume-kopie\\\/#primaryimage\"},\"thumbnailUrl\":\"https:\\\/\\\/aloha-senses.com\\\/wp-content\\\/uploads\\\/2025\\\/01\\\/Stilwerk-Strandhotel_09.jpg\",\"datePublished\":\"2025-01-30T21:36:06+00:00\",\"dateModified\":\"2025-07-13T21:19:54+00:00\",\"description\":\"Discover the art of perfume creation at the Perfumery Day Retreat by Aloha Senses Perfumery School in Hamburg's Treppenviertel.\",\"breadcrumb\":{\"@id\":\"https:\\\/\\\/aloha-senses.com\\\/en\\\/shop\\\/perfume-workshop-gourmand-perfume-kopie\\\/#breadcrumb\"},\"inLanguage\":\"en-US\",\"potentialAction\":[{\"@type\":\"ReadAction\",\"target\":[\"https:\\\/\\\/aloha-senses.com\\\/en\\\/shop\\\/perfume-workshop-gourmand-perfume-kopie\\\/\"]}]},{\"@type\":\"ImageObject\",\"inLanguage\":\"en-US\",\"@id\":\"https:\\\/\\\/aloha-senses.com\\\/en\\\/shop\\\/perfume-workshop-gourmand-perfume-kopie\\\/#primaryimage\",\"url\":\"https:\\\/\\\/aloha-senses.com\\\/wp-content\\\/uploads\\\/2025\\\/01\\\/Stilwerk-Strandhotel_09.jpg\",\"contentUrl\":\"https:\\\/\\\/aloha-senses.com\\\/wp-content\\\/uploads\\\/2025\\\/01\\\/Stilwerk-Strandhotel_09.jpg\",\"width\":1200,\"height\":1200},{\"@type\":\"BreadcrumbList\",\"@id\":\"https:\\\/\\\/aloha-senses.com\\\/en\\\/shop\\\/perfume-workshop-gourmand-perfume-kopie\\\/#breadcrumb\",\"itemListElement\":[{\"@type\":\"ListItem\",\"position\":1,\"name\":\"Homepage\",\"item\":\"https:\\\/\\\/aloha-senses.com\\\/en\\\/\"},{\"@type\":\"ListItem\",\"position\":2,\"name\":\"SHOP\",\"item\":\"https:\\\/\\\/aloha-senses.com\\\/shop\\\/\"},{\"@type\":\"ListItem\",\"position\":3,\"name\":\"Perfumery Day Retreat | 08.11.2025 &#8211; Hamburg\"}]},{\"@type\":\"WebSite\",\"@id\":\"https:\\\/\\\/aloha-senses.com\\\/en\\\/#website\",\"url\":\"https:\\\/\\\/aloha-senses.com\\\/en\\\/\",\"name\":\"Aloha Senses Perfumes\",\"description\":\"all natural | handmade\",\"publisher\":{\"@id\":\"https:\\\/\\\/aloha-senses.com\\\/en\\\/#organization\"},\"potentialAction\":[{\"@type\":\"SearchAction\",\"target\":{\"@type\":\"EntryPoint\",\"urlTemplate\":\"https:\\\/\\\/aloha-senses.com\\\/en\\\/?s={search_term_string}\"},\"query-input\":{\"@type\":\"PropertyValueSpecification\",\"valueRequired\":true,\"valueName\":\"search_term_string\"}}],\"inLanguage\":\"en-US\"},{\"@type\":\"Organization\",\"@id\":\"https:\\\/\\\/aloha-senses.com\\\/en\\\/#organization\",\"name\":\"Aloha Senses Perfumes\",\"url\":\"https:\\\/\\\/aloha-senses.com\\\/en\\\/\",\"logo\":{\"@type\":\"ImageObject\",\"inLanguage\":\"en-US\",\"@id\":\"https:\\\/\\\/aloha-senses.com\\\/en\\\/#\\\/schema\\\/logo\\\/image\\\/\",\"url\":\"https:\\\/\\\/aloha-senses.com\\\/wp-content\\\/uploads\\\/2022\\\/09\\\/Aloha-Senses-Natural-Perfume.jpg\",\"contentUrl\":\"https:\\\/\\\/aloha-senses.com\\\/wp-content\\\/uploads\\\/2022\\\/09\\\/Aloha-Senses-Natural-Perfume.jpg\",\"width\":1440,\"height\":960,\"caption\":\"Aloha Senses Perfumes\"},\"image\":{\"@id\":\"https:\\\/\\\/aloha-senses.com\\\/en\\\/#\\\/schema\\\/logo\\\/image\\\/\"},\"sameAs\":[\"https:\\\/\\\/www.facebook.com\\\/alohasenses\\\/\",\"https:\\\/\\\/www.instagram.com\\\/alohasenses\\\/\"]}]}<\/script>\n<!-- \/ Yoast SEO Premium plugin. -->","yoast_head_json":{"title":"Perfumery Day Retreat at the Stilwerk Strandhotel Blankenese","description":"Discover the art of perfume creation at the Perfumery Day Retreat by Aloha Senses Perfumery School in Hamburg's Treppenviertel.","robots":{"index":"index","follow":"follow","max-snippet":"max-snippet:-1","max-image-preview":"max-image-preview:large","max-video-preview":"max-video-preview:-1"},"canonical":"https:\/\/aloha-senses.com\/en\/shop\/perfume-workshop-gourmand-perfume-kopie\/","og_locale":"en_US","og_type":"article","og_title":"Perfumery Day Retreat | 08.11.2025 - Hamburg","og_description":"CREATE YOUR OWN PERFUME! A whole day to get to know an extended range of essences and create your own perfume! Immerse yourself in an inspiring world with us at the beautiful stilwerk Strandhotel Blankenese - with a view of the Elbe. THE DAY RETREAT INCLUDES: Your own perfume in a high-quality 15 ml glass flacon, your formulation &amp; all precious materials, lunch with the perfumer, snacks &amp; refreshments, delicious small bites, finishing with prosecco \/ hibiscus tonic. Optional: discounted room rate. From 15 years. No previous experience necessary. Bring interest and joy and unfold your creativity! So just bring your creative spirit and an eagerness to learn!","og_url":"https:\/\/aloha-senses.com\/en\/shop\/perfume-workshop-gourmand-perfume-kopie\/","og_site_name":"Aloha Senses Perfumes","article_publisher":"https:\/\/www.facebook.com\/alohasenses\/","article_modified_time":"2025-07-13T21:19:54+00:00","og_image":[{"width":1200,"height":1200,"url":"https:\/\/aloha-senses.com\/wp-content\/uploads\/2025\/01\/Stilwerk-Strandhotel_09.jpg","type":"image\/jpeg"}],"twitter_card":"summary_large_image","twitter_misc":{"Est. reading time":"6 minutes"},"schema":{"@context":"https:\/\/schema.org","@graph":[{"@type":"WebPage","@id":"https:\/\/aloha-senses.com\/en\/shop\/perfume-workshop-gourmand-perfume-kopie\/","url":"https:\/\/aloha-senses.com\/en\/shop\/perfume-workshop-gourmand-perfume-kopie\/","name":"Perfumery Day Retreat at the Stilwerk Strandhotel Blankenese","isPartOf":{"@id":"https:\/\/aloha-senses.com\/en\/#website"},"primaryImageOfPage":{"@id":"https:\/\/aloha-senses.com\/en\/shop\/perfume-workshop-gourmand-perfume-kopie\/#primaryimage"},"image":{"@id":"https:\/\/aloha-senses.com\/en\/shop\/perfume-workshop-gourmand-perfume-kopie\/#primaryimage"},"thumbnailUrl":"https:\/\/aloha-senses.com\/wp-content\/uploads\/2025\/01\/Stilwerk-Strandhotel_09.jpg","datePublished":"2025-01-30T21:36:06+00:00","dateModified":"2025-07-13T21:19:54+00:00","description":"Discover the art of perfume creation at the Perfumery Day Retreat by Aloha Senses Perfumery School in Hamburg's Treppenviertel.","breadcrumb":{"@id":"https:\/\/aloha-senses.com\/en\/shop\/perfume-workshop-gourmand-perfume-kopie\/#breadcrumb"},"inLanguage":"en-US","potentialAction":[{"@type":"ReadAction","target":["https:\/\/aloha-senses.com\/en\/shop\/perfume-workshop-gourmand-perfume-kopie\/"]}]},{"@type":"ImageObject","inLanguage":"en-US","@id":"https:\/\/aloha-senses.com\/en\/shop\/perfume-workshop-gourmand-perfume-kopie\/#primaryimage","url":"https:\/\/aloha-senses.com\/wp-content\/uploads\/2025\/01\/Stilwerk-Strandhotel_09.jpg","contentUrl":"https:\/\/aloha-senses.com\/wp-content\/uploads\/2025\/01\/Stilwerk-Strandhotel_09.jpg","width":1200,"height":1200},{"@type":"BreadcrumbList","@id":"https:\/\/aloha-senses.com\/en\/shop\/perfume-workshop-gourmand-perfume-kopie\/#breadcrumb","itemListElement":[{"@type":"ListItem","position":1,"name":"Homepage","item":"https:\/\/aloha-senses.com\/en\/"},{"@type":"ListItem","position":2,"name":"SHOP","item":"https:\/\/aloha-senses.com\/shop\/"},{"@type":"ListItem","position":3,"name":"Perfumery Day Retreat | 08.11.2025 &#8211; Hamburg"}]},{"@type":"WebSite","@id":"https:\/\/aloha-senses.com\/en\/#website","url":"https:\/\/aloha-senses.com\/en\/","name":"Aloha Senses Perfumes","description":"all natural | handmade","publisher":{"@id":"https:\/\/aloha-senses.com\/en\/#organization"},"potentialAction":[{"@type":"SearchAction","target":{"@type":"EntryPoint","urlTemplate":"https:\/\/aloha-senses.com\/en\/?s={search_term_string}"},"query-input":{"@type":"PropertyValueSpecification","valueRequired":true,"valueName":"search_term_string"}}],"inLanguage":"en-US"},{"@type":"Organization","@id":"https:\/\/aloha-senses.com\/en\/#organization","name":"Aloha Senses Perfumes","url":"https:\/\/aloha-senses.com\/en\/","logo":{"@type":"ImageObject","inLanguage":"en-US","@id":"https:\/\/aloha-senses.com\/en\/#\/schema\/logo\/image\/","url":"https:\/\/aloha-senses.com\/wp-content\/uploads\/2022\/09\/Aloha-Senses-Natural-Perfume.jpg","contentUrl":"https:\/\/aloha-senses.com\/wp-content\/uploads\/2022\/09\/Aloha-Senses-Natural-Perfume.jpg","width":1440,"height":960,"caption":"Aloha Senses Perfumes"},"image":{"@id":"https:\/\/aloha-senses.com\/en\/#\/schema\/logo\/image\/"},"sameAs":["https:\/\/www.facebook.com\/alohasenses\/","https:\/\/www.instagram.com\/alohasenses\/"]}]}},"_links":{"self":[{"href":"https:\/\/aloha-senses.com\/en\/wp-json\/wp\/v2\/product\/9475","targetHints":{"allow":["GET"]}}],"collection":[{"href":"https:\/\/aloha-senses.com\/en\/wp-json\/wp\/v2\/product"}],"about":[{"href":"https:\/\/aloha-senses.com\/en\/wp-json\/wp\/v2\/types\/product"}],"replies":[{"embeddable":true,"href":"https:\/\/aloha-senses.com\/en\/wp-json\/wp\/v2\/comments?post=9475"}],"wp:featuredmedia":[{"embeddable":true,"href":"https:\/\/aloha-senses.com\/en\/wp-json\/wp\/v2\/media\/9489"}],"wp:attachment":[{"href":"https:\/\/aloha-senses.com\/en\/wp-json\/wp\/v2\/media?parent=9475"}],"wp:term":[{"taxonomy":"product_brand","embeddable":true,"href":"https:\/\/aloha-senses.com\/en\/wp-json\/wp\/v2\/product_brand?post=9475"},{"taxonomy":"product_cat","embeddable":true,"href":"https:\/\/aloha-senses.com\/en\/wp-json\/wp\/v2\/product_cat?post=9475"},{"taxonomy":"product_tag","embeddable":true,"href":"https:\/\/aloha-senses.com\/en\/wp-json\/wp\/v2\/product_tag?post=9475"}],"curies":[{"name":"wp","href":"https:\/\/api.w.org\/{rel}","templated":true}]}}